{"id":76,"date":"2025-05-16T08:47:00","date_gmt":"2025-05-16T08:47:00","guid":{"rendered":"https:\/\/granjeacalidad.com\/?page_id=76"},"modified":"2025-05-22T16:37:35","modified_gmt":"2025-05-22T16:37:35","slug":"accesibilidad","status":"publish","type":"page","link":"https:\/\/granjeacalidad.com\/en\/accesibilidad\/","title":{"rendered":"Accessibility"},"content":{"rendered":"<p><strong>ACCESIBILIDAD WEB<\/strong><\/p>\n\n\n\n<p><strong>Actualizado 08\/05\/2025<\/strong><strong><\/strong><\/p>\n\n\n\n<p><strong>JOS\u00c9 IGNACIO TOQUERO FOMBELLIDA se compromete en hacer accesible su sitio web de conformidad con el&nbsp;<\/strong><a href=\"https:\/\/www.boe.es\/diario_boe\/txt.php?id=BOE-A-2018-12699\"><strong>Real Decreto 1112\/2018<\/strong><\/a><strong>, sobre accesibilidad de los sitios webs y aplicaciones para dispositivos m\u00f3viles del sector p\u00fablico.<\/strong><\/p>\n\n\n\n<p>La presente declaraci\u00f3n de accesibilidad se aplica al sitio web a granjeacalidad.com<\/p>\n\n\n\n<p><strong>SITUACI\u00d3N DE CUMPLIMIENTO<\/strong><\/p>\n\n\n\n<p>Este sitio web es parcialmente conforme con el&nbsp;<a href=\"https:\/\/www.boe.es\/diario_boe\/txt.php?id=BOE-A-2018-12699\">RD 1112\/2018<\/a>&nbsp;debido a la falta de conformidad de los aspectos que se indican a continuaci\u00f3n.<\/p>\n\n\n\n<p><strong>Contenido no accesible<\/strong><\/p>\n\n\n\n<p>El contenido que se recoge a continuaci\u00f3n no es accesible por lo siguiente:<\/p>\n\n\n\n<p><strong>Falta de conformidad con el RD 1112\/2018<\/strong><\/p>\n\n\n\n<ul class=\"wp-block-list\">\n<li>Se pueden encontrar im\u00e1genes sin que acompa\u00f1e texto explicativo.<\/li>\n\n\n\n<li>Se puede encontrar a\u00fan anidamientos incorrectos de etiquetas.<\/li>\n\n\n\n<li>Podr\u00edan existir fallos de edici\u00f3n en la p\u00e1gina web.<\/li>\n<\/ul>\n\n\n\n<p><strong>Carga desproporcionada<\/strong><\/p>\n\n\n\n<ul class=\"wp-block-list\">\n<li>No aplica.<\/li>\n<\/ul>\n\n\n\n<p><strong>El contenido no entra dentro del \u00e1mbito de la legislaci\u00f3n aplicable.<\/strong><\/p>\n\n\n\n<ul class=\"wp-block-list\">\n<li>Existen archivos ofim\u00e1ticos en PDF que no cumplan en su totalidad todos los requisitos de accesibilidad.<\/li>\n<\/ul>\n\n\n\n<p>La presente declaraci\u00f3n fue preparada el &nbsp;8 de mayo de 2025.<\/p>\n\n\n\n<p>El m\u00e9todo empleado para preparar la declaraci\u00f3n ha sido una autoevaluaci\u00f3n llevada a cabo por el equipo de accesibilidad.<\/p>\n\n\n\n<p>\u00daltima revisi\u00f3n de la declaraci\u00f3n: 8 de mayo de 2025.<\/p>\n\n\n\n<p><strong>Observaciones y datos de contacto<\/strong><\/p>\n\n\n\n<p>Puede realizar comunicaciones sobre requisitos de accesibilidad (art\u00edculo 10.2.a) del RD 1112\/2018) como por ejemplo:<\/p>\n\n\n\n<ul class=\"wp-block-list\">\n<li>Informar sobre cualquier posible incumplimiento por parte de este sitio web.<\/li>\n\n\n\n<li>Transmitir otras dificultades de acceso al contenido.<\/li>\n\n\n\n<li>Formular cualquier otra consulta o sugerencia de mejora relativa a la accesibilidad del sitio web.<\/li>\n<\/ul>\n\n\n\n<p>A trav\u00e9s de nuestro buz\u00f3n de sugerencias <strong><a href=\"mailto:inakitoquero@gmail.com\">inakitoquero@gmail.com<\/a> <\/strong>Las comunicaciones ser\u00e1n recibidas y tratadas por el equipo de Accesibilidad.<\/p>","protected":false},"excerpt":{"rendered":"<p>ACCESIBILIDAD WEB Actualizado 08\/05\/2025 JOS\u00c9 IGNACIO TOQUERO FOMBELLIDA se compromete en hacer accesible su sitio web de conformidad con el&nbsp;Real Decreto 1112\/2018, sobre accesibilidad de los sitios webs y aplicaciones para dispositivos m\u00f3viles del sector p\u00fablico. La presente declaraci\u00f3n de accesibilidad se aplica al sitio web a granjeacalidad.com SITUACI\u00d3N DE CUMPLIMIENTO Este sitio web es [&hellip;]<\/p>\n","protected":false},"author":1,"featured_media":0,"parent":0,"menu_order":0,"comment_status":"closed","ping_status":"closed","template":"","meta":{"footnotes":""},"class_list":["post-76","page","type-page","status-publish","hentry"],"yoast_head":"<!-- This site is optimized with the Yoast SEO plugin v27.4 - https:\/\/yoast.com\/product\/yoast-seo-wordpress\/ -->\n<title>Accesibilidad - Granjea Calidad<\/title>\n<meta name=\"robots\" content=\"noindex, nofollow\" \/>\n<meta property=\"og:locale\" content=\"en_GB\" \/>\n<meta property=\"og:type\" content=\"article\" \/>\n<meta property=\"og:title\" content=\"Accesibilidad - Granjea Calidad\" \/>\n<meta property=\"og:description\" content=\"ACCESIBILIDAD WEB Actualizado 08\/05\/2025 JOS\u00c9 IGNACIO TOQUERO FOMBELLIDA se compromete en hacer accesible su sitio web de conformidad con el&nbsp;Real Decreto 1112\/2018, sobre accesibilidad de los sitios webs y aplicaciones para dispositivos m\u00f3viles del sector p\u00fablico. La presente declaraci\u00f3n de accesibilidad se aplica al sitio web a granjeacalidad.com SITUACI\u00d3N DE CUMPLIMIENTO Este sitio web es [&hellip;]\" \/>\n<meta property=\"og:url\" content=\"https:\/\/granjeacalidad.com\/en\/accesibilidad\/\" \/>\n<meta property=\"og:site_name\" content=\"Granjea Calidad\" \/>\n<meta property=\"article:modified_time\" content=\"2025-05-22T16:37:35+00:00\" \/>\n<meta name=\"twitter:card\" content=\"summary_large_image\" \/>\n<meta name=\"twitter:label1\" content=\"Estimated reading time\" \/>\n\t<meta name=\"twitter:data1\" content=\"2 minutes\" \/>\n<script type=\"application\/ld+json\" class=\"yoast-schema-graph\">{\"@context\":\"https:\\\/\\\/schema.org\",\"@graph\":[{\"@type\":\"WebPage\",\"@id\":\"https:\\\/\\\/granjeacalidad.com\\\/accesibilidad\\\/\",\"url\":\"https:\\\/\\\/granjeacalidad.com\\\/accesibilidad\\\/\",\"name\":\"Accesibilidad - Granjea Calidad\",\"isPartOf\":{\"@id\":\"https:\\\/\\\/granjeacalidad.com\\\/#website\"},\"datePublished\":\"2025-05-16T08:47:00+00:00\",\"dateModified\":\"2025-05-22T16:37:35+00:00\",\"breadcrumb\":{\"@id\":\"https:\\\/\\\/granjeacalidad.com\\\/accesibilidad\\\/#breadcrumb\"},\"inLanguage\":\"en-GB\",\"potentialAction\":[{\"@type\":\"ReadAction\",\"target\":[\"https:\\\/\\\/granjeacalidad.com\\\/accesibilidad\\\/\"]}]},{\"@type\":\"BreadcrumbList\",\"@id\":\"https:\\\/\\\/granjeacalidad.com\\\/accesibilidad\\\/#breadcrumb\",\"itemListElement\":[{\"@type\":\"ListItem\",\"position\":1,\"name\":\"Portada\",\"item\":\"https:\\\/\\\/granjeacalidad.com\\\/\"},{\"@type\":\"ListItem\",\"position\":2,\"name\":\"Accesibilidad\"}]},{\"@type\":\"WebSite\",\"@id\":\"https:\\\/\\\/granjeacalidad.com\\\/#website\",\"url\":\"https:\\\/\\\/granjeacalidad.com\\\/\",\"name\":\"Granjea Calidad\",\"description\":\"Producci\u00f3n de miel Pura\",\"publisher\":{\"@id\":\"https:\\\/\\\/granjeacalidad.com\\\/#organization\"},\"potentialAction\":[{\"@type\":\"SearchAction\",\"target\":{\"@type\":\"EntryPoint\",\"urlTemplate\":\"https:\\\/\\\/granjeacalidad.com\\\/?s={search_term_string}\"},\"query-input\":{\"@type\":\"PropertyValueSpecification\",\"valueRequired\":true,\"valueName\":\"search_term_string\"}}],\"inLanguage\":\"en-GB\"},{\"@type\":\"Organization\",\"@id\":\"https:\\\/\\\/granjeacalidad.com\\\/#organization\",\"name\":\"Granjea Calidad\",\"url\":\"https:\\\/\\\/granjeacalidad.com\\\/\",\"logo\":{\"@type\":\"ImageObject\",\"inLanguage\":\"en-GB\",\"@id\":\"https:\\\/\\\/granjeacalidad.com\\\/#\\\/schema\\\/logo\\\/image\\\/\",\"url\":\"https:\\\/\\\/granjeacalidad.com\\\/wp-content\\\/uploads\\\/2025\\\/05\\\/Logotipo-Granjea-Calidad-1V-e1747326273576.png\",\"contentUrl\":\"https:\\\/\\\/granjeacalidad.com\\\/wp-content\\\/uploads\\\/2025\\\/05\\\/Logotipo-Granjea-Calidad-1V-e1747326273576.png\",\"width\":980,\"height\":314,\"caption\":\"Granjea Calidad\"},\"image\":{\"@id\":\"https:\\\/\\\/granjeacalidad.com\\\/#\\\/schema\\\/logo\\\/image\\\/\"}}]}<\/script>\n<!-- \/ Yoast SEO plugin. -->","yoast_head_json":{"title":"Accesibilidad - Granjea Calidad","robots":{"index":"noindex","follow":"nofollow"},"og_locale":"en_GB","og_type":"article","og_title":"Accesibilidad - Granjea Calidad","og_description":"ACCESIBILIDAD WEB Actualizado 08\/05\/2025 JOS\u00c9 IGNACIO TOQUERO FOMBELLIDA se compromete en hacer accesible su sitio web de conformidad con el&nbsp;Real Decreto 1112\/2018, sobre accesibilidad de los sitios webs y aplicaciones para dispositivos m\u00f3viles del sector p\u00fablico. La presente declaraci\u00f3n de accesibilidad se aplica al sitio web a granjeacalidad.com SITUACI\u00d3N DE CUMPLIMIENTO Este sitio web es [&hellip;]","og_url":"https:\/\/granjeacalidad.com\/en\/accesibilidad\/","og_site_name":"Granjea Calidad","article_modified_time":"2025-05-22T16:37:35+00:00","twitter_card":"summary_large_image","twitter_misc":{"Estimated reading time":"2 minutes"},"schema":{"@context":"https:\/\/schema.org","@graph":[{"@type":"WebPage","@id":"https:\/\/granjeacalidad.com\/accesibilidad\/","url":"https:\/\/granjeacalidad.com\/accesibilidad\/","name":"Accesibilidad - Granjea Calidad","isPartOf":{"@id":"https:\/\/granjeacalidad.com\/#website"},"datePublished":"2025-05-16T08:47:00+00:00","dateModified":"2025-05-22T16:37:35+00:00","breadcrumb":{"@id":"https:\/\/granjeacalidad.com\/accesibilidad\/#breadcrumb"},"inLanguage":"en-GB","potentialAction":[{"@type":"ReadAction","target":["https:\/\/granjeacalidad.com\/accesibilidad\/"]}]},{"@type":"BreadcrumbList","@id":"https:\/\/granjeacalidad.com\/accesibilidad\/#breadcrumb","itemListElement":[{"@type":"ListItem","position":1,"name":"Portada","item":"https:\/\/granjeacalidad.com\/"},{"@type":"ListItem","position":2,"name":"Accesibilidad"}]},{"@type":"WebSite","@id":"https:\/\/granjeacalidad.com\/#website","url":"https:\/\/granjeacalidad.com\/","name":"Granjea Calidad","description":"Producci\u00f3n de miel Pura","publisher":{"@id":"https:\/\/granjeacalidad.com\/#organization"},"potentialAction":[{"@type":"SearchAction","target":{"@type":"EntryPoint","urlTemplate":"https:\/\/granjeacalidad.com\/?s={search_term_string}"},"query-input":{"@type":"PropertyValueSpecification","valueRequired":true,"valueName":"search_term_string"}}],"inLanguage":"en-GB"},{"@type":"Organization","@id":"https:\/\/granjeacalidad.com\/#organization","name":"Granjea Calidad","url":"https:\/\/granjeacalidad.com\/","logo":{"@type":"ImageObject","inLanguage":"en-GB","@id":"https:\/\/granjeacalidad.com\/#\/schema\/logo\/image\/","url":"https:\/\/granjeacalidad.com\/wp-content\/uploads\/2025\/05\/Logotipo-Granjea-Calidad-1V-e1747326273576.png","contentUrl":"https:\/\/granjeacalidad.com\/wp-content\/uploads\/2025\/05\/Logotipo-Granjea-Calidad-1V-e1747326273576.png","width":980,"height":314,"caption":"Granjea Calidad"},"image":{"@id":"https:\/\/granjeacalidad.com\/#\/schema\/logo\/image\/"}}]}},"_links":{"self":[{"href":"https:\/\/granjeacalidad.com\/en\/wp-json\/wp\/v2\/pages\/76","targetHints":{"allow":["GET"]}}],"collection":[{"href":"https:\/\/granjeacalidad.com\/en\/wp-json\/wp\/v2\/pages"}],"about":[{"href":"https:\/\/granjeacalidad.com\/en\/wp-json\/wp\/v2\/types\/page"}],"author":[{"embeddable":true,"href":"https:\/\/granjeacalidad.com\/en\/wp-json\/wp\/v2\/users\/1"}],"replies":[{"embeddable":true,"href":"https:\/\/granjeacalidad.com\/en\/wp-json\/wp\/v2\/comments?post=76"}],"version-history":[{"count":2,"href":"https:\/\/granjeacalidad.com\/en\/wp-json\/wp\/v2\/pages\/76\/revisions"}],"predecessor-version":[{"id":93,"href":"https:\/\/granjeacalidad.com\/en\/wp-json\/wp\/v2\/pages\/76\/revisions\/93"}],"wp:attachment":[{"href":"https:\/\/granjeacalidad.com\/en\/wp-json\/wp\/v2\/media?parent=76"}],"curies":[{"name":"wp","href":"https:\/\/api.w.org\/{rel}","templated":true}]}}